{"id":8905,"date":"2022-02-11T16:53:09","date_gmt":"2022-02-11T15:53:09","guid":{"rendered":"https:\/\/www.vetcarecenter.be\/inwendige-geneeskunde\/"},"modified":"2026-03-09T17:55:08","modified_gmt":"2026-03-09T16:55:08","slug":"inwendige-geneeskunde","status":"publish","type":"page","link":"https:\/\/www.vetcarecenter.be\/nl\/inwendige-geneeskunde\/","title":{"rendered":"Inwendige geneeskunde"},"content":{"rendered":"<p>[et_pb_section fb_built=&#8221;1&#8243; custom_padding_last_edited=&#8221;on|phone&#8221; next_background_color=&#8221;#FFFFFF&#8221; admin_label=&#8221;Header&#8221; _builder_version=&#8221;4.22.1&#8243; background_color=&#8221;rgba(186,186,186,0.19)&#8221; background_enable_image=&#8221;off&#8221; background_size=&#8221;contain&#8221; background_position=&#8221;bottom_left&#8221; background_horizontal_offset=&#8221;100%&#8221; background_vertical_offset=&#8221;-25%&#8221; overflow-x=&#8221;hidden&#8221; overflow-y=&#8221;hidden&#8221; custom_padding=&#8221;||||false|false&#8221; custom_padding_tablet=&#8221;&#8221; custom_padding_phone=&#8221;||80px||false|false&#8221; bottom_divider_style=&#8221;waves&#8221; bottom_divider_height=&#8221;101px&#8221; bottom_divider_repeat=&#8221;1x&#8221; global_colors_info=&#8221;{}&#8221;][et_pb_row column_structure=&#8221;2_5,3_5&#8243; _builder_version=&#8221;4.22.1&#8243; _module_preset=&#8221;default&#8221; global_colors_info=&#8221;{}&#8221;][et_pb_column type=&#8221;2_5&#8243; _builder_version=&#8221;4.22.1&#8243; _module_preset=&#8221;default&#8221; global_colors_info=&#8221;{}&#8221;][et_pb_image src=&#8221;https:\/\/www.vetcarecenter.be\/wp-content\/uploads\/2021\/12\/logo_divi.png&#8221; title_text=&#8221;Vetcare_center&#8221; align=&#8221;right&#8221; _builder_version=&#8221;4.22.1&#8243; _module_preset=&#8221;default&#8221; global_colors_info=&#8221;{}&#8221;][\/et_pb_image][\/et_pb_column][et_pb_column type=&#8221;3_5&#8243; _builder_version=&#8221;4.22.1&#8243; _module_preset=&#8221;default&#8221; global_colors_info=&#8221;{}&#8221;][et_pb_image src=&#8221;https:\/\/www.vetcarecenter.be\/wp-content\/uploads\/2023\/09\/Vetcare_center16.jpg&#8221; title_text=&#8221;Vetcare_center16&#8243; align=&#8221;right&#8221; _builder_version=&#8221;4.22.1&#8243; _module_preset=&#8221;default&#8221; transform_scale=&#8221;112%|112%&#8221; transform_rotate=&#8221;0deg|0deg|7deg&#8221; border_radii=&#8221;on|50px|50px|50px|50px&#8221; border_width_all=&#8221;5px&#8221; border_color_all=&#8221;#cecece&#8221; global_colors_info=&#8221;{}&#8221;][\/et_pb_image][\/et_pb_column][\/et_pb_row][\/et_pb_section][et_pb_section fb_built=&#8221;1&#8243; admin_label=&#8221;About&#8221; _builder_version=&#8221;4.22.1&#8243; background_color=&#8221;#FFFFFF&#8221; use_background_color_gradient=&#8221;on&#8221; background_color_gradient_stops=&#8221;#ffffff 0%|#f6f3ea 100%&#8221; background_color_gradient_start=&#8221;rgba(255,255,255,0)&#8221; background_color_gradient_end=&#8221;rgba(255,255,255,0)&#8221; custom_padding=&#8221;||||false|false&#8221; global_colors_info=&#8221;{}&#8221;][et_pb_row _builder_version=&#8221;4.22.1&#8243; _module_preset=&#8221;default&#8221; global_colors_info=&#8221;{}&#8221;][et_pb_column type=&#8221;4_4&#8243; _builder_version=&#8221;4.22.1&#8243; _module_preset=&#8221;default&#8221; global_colors_info=&#8221;{}&#8221;][et_pb_text _builder_version=&#8221;4.22.1&#8243; header_2_font=&#8221;Amatic SC|700|||||||&#8221; header_2_text_color=&#8221;#0d59dd&#8221; header_2_font_size=&#8221;55px&#8221; header_2_line_height=&#8221;1.2em&#8221; header_2_font_size_tablet=&#8221;60px&#8221; header_2_font_size_phone=&#8221;32px&#8221; header_2_font_size_last_edited=&#8221;on|phone&#8221; global_colors_info=&#8221;{}&#8221;]<\/p>\n<h2 style=\"text-align: center;\">Inwendige geneeskunde<\/h2>\n<p>[\/et_pb_text][et_pb_text _builder_version=&#8221;4.22.1&#8243; text_font=&#8221;||||||||&#8221; text_font_size=&#8221;16px&#8221; text_line_height=&#8221;1.8em&#8221; global_colors_info=&#8221;{}&#8221;]<\/p>\n<p style=\"text-align: left;\">Interne geneeskunde is een ware specialisatie binnen de algemene geneeskunde en omvat alle pathologie\u00ebn. Interne geneeskunde is het specialisme voor complexe diagnostische procedures en de behandeling van dieren die lijden aan meerdere pathologie\u00ebn of systemische ziekten.<\/p>\n<p>[\/et_pb_text][\/et_pb_column][\/et_pb_row][et_pb_row column_structure=&#8221;2_3,1_3&#8243; _builder_version=&#8221;4.22.1&#8243; background_color=&#8221;#FFFFFF&#8221; custom_margin=&#8221;50px||||false|false&#8221; border_radii=&#8221;on|21px|21px|21px|21px&#8221; border_width_all=&#8221;5px&#8221; border_color_all=&#8221;#cecece&#8221; box_shadow_style=&#8221;preset2&#8243; box_shadow_color=&#8221;rgba(13,89,221,0.69)&#8221; locked=&#8221;off&#8221; global_colors_info=&#8221;{}&#8221;][et_pb_column type=&#8221;2_3&#8243; _builder_version=&#8221;4.16&#8243; global_colors_info=&#8221;{}&#8221;][et_pb_text _builder_version=&#8221;4.18.0&#8243; _module_preset=&#8221;default&#8221; module_alignment=&#8221;left&#8221; custom_padding=&#8221;|30px||30px|false|true&#8221; global_colors_info=&#8221;{}&#8221;]<\/p>\n<section class=\"elementor-section elementor-top-section elementor-element elementor-element-4da3862 elementor-section-boxed elementor-section-height-default elementor-section-height-default\" data-id=\"4da3862\" data-element_type=\"section\">\n<div class=\"elementor-container elementor-column-gap-default\">\n<div class=\"elementor-row\">\n<div class=\"elementor-column elementor-col-100 elementor-top-column elementor-element elementor-element-1607664\" data-id=\"1607664\" data-element_type=\"column\">\n<div class=\"elementor-column-wrap elementor-element-populated\">\n<div class=\"elementor-widget-wrap\">\n<div class=\"elementor-element elementor-element-d58710e elementor-widget elementor-widget-heading\" data-id=\"d58710e\" data-element_type=\"widget\" data-widget_type=\"heading.default\">\n<div class=\"elementor-widget-container\">\n<p class=\"elementor-heading-title elementor-size-default\" style=\"text-align: justify;\">Waar de verschillende organen kruisen, bezit de internist de nodige kennis om een overzicht te behouden in complexe situaties en het op punt stellen van een diagnostische of therapeutische strategie. Hij behandelt de pati\u00ebnt als geheel.<br \/>De fragmentatie van bepaalde specialismen in steeds nauwere &#8216;subspecialismen&#8217;, een gevolg van medische en technologische vooruitgang en essentieel voor de zorg van sommige pati\u00ebnten, impliceert een groeiende behoefte aan artsen die getraind zijn in synthese, zoals internisten.<\/p>\n<p class=\"elementor-heading-title elementor-size-default\" style=\"text-align: justify;\">\n<p class=\"elementor-heading-title elementor-size-default\" style=\"text-align: justify;\">\n<h3 class=\"elementor-heading-title elementor-size-default\" style=\"text-align: justify;\">Redenen voor overleg:<\/h3>\n<\/div>\n<\/div>\n<\/div>\n<\/div>\n<\/div>\n<\/div>\n<\/div>\n<\/section>\n<section class=\"elementor-section elementor-top-section elementor-element elementor-element-2179128e elementor-section-boxed elementor-section-height-default elementor-section-height-default\" data-id=\"2179128e\" data-element_type=\"section\" data-settings=\"{\"background_background\":\"classic\"}\">\n<div class=\"elementor-container elementor-column-gap-default\">\n<div class=\"elementor-row\">\n<div class=\"elementor-column elementor-col-100 elementor-top-column elementor-element elementor-element-151ff6f9\" data-id=\"151ff6f9\" data-element_type=\"column\" data-settings=\"{\"background_background\":\"classic\"}\">\n<div class=\"elementor-column-wrap elementor-element-populated\">\n<div class=\"elementor-widget-wrap\">\n<div class=\"elementor-element elementor-element-768a078 elementor-widget elementor-widget-text-editor\" data-id=\"768a078\" data-element_type=\"widget\" data-widget_type=\"text-editor.default\">\n<div class=\"elementor-widget-container\">\n<div class=\"elementor-text-editor elementor-clearfix\">\n<p style=\"text-align: justify;\"><strong> <\/strong><\/p>\n<ul>\n<li style=\"text-align: justify;\"><strong>Algemene symptomen:<\/strong>verminderde eetlust, gewichtsverlies, verhoogd waterverbruik, koorts, depressie, bloedarmoede, geelzucht, opgezette buik, bloeding, knobbel<\/li>\n<li style=\"text-align: justify;\"><strong>Spijsverteringssymptomen:<\/strong> braken, diarree, oprispingen, bloed in de ontlasting, abnormale kleur van de ontlasting, constipatie, enz.<\/li>\n<li style=\"text-align: justify;\"><strong>Cardiorespiratoire symptomen:<\/strong>hoesten, kortademigheid, ademhalingsmoeilijkheden, syncope, malaise, hartruis, aritmie\u00ebn, loopneus, niezen, enz.<\/li>\n<li style=\"text-align: justify;\"><strong>Urine-symptomen<\/strong>: moeite met urineren, vaker plassen, bloed in de urine, vulvaire afscheiding<strong>.<\/strong><\/li>\n<li style=\"text-align: justify;\"><strong>Neurologische symptomen:<\/strong>stuiptrekkingen, desori\u00ebntatie, evenwichtsverlies, tremoren&#8230;<\/li>\n<\/ul>\n<\/div>\n<\/div>\n<\/div>\n<\/div>\n<\/div>\n<\/div>\n<\/div>\n<\/div>\n<\/section>\n<p>[\/et_pb_text][et_pb_text _builder_version=&#8221;4.18.0&#8243; _module_preset=&#8221;default&#8221; custom_padding=&#8221;|||30px|false|false&#8221; global_colors_info=&#8221;{}&#8221;]<\/p>\n<h3 style=\"text-align: center;\">Miltumoren<\/h3>\n<p>[\/et_pb_text][et_pb_image src=&#8221;https:\/\/www.vetcarecenter.be\/wp-content\/uploads\/2022\/07\/tumeur-ratte.png&#8221; title_text=&#8221;tumeur-ratte&#8221; align=&#8221;center&#8221; _builder_version=&#8221;4.27.5&#8243; _module_preset=&#8221;default&#8221; custom_padding=&#8221;|30px||30px|false|true&#8221; hover_enabled=&#8221;0&#8243; border_radii=&#8221;on|12px|12px|12px|12px&#8221; global_colors_info=&#8221;{}&#8221; sticky_enabled=&#8221;0&#8243;][\/et_pb_image][et_pb_text _builder_version=&#8221;4.18.0&#8243; _module_preset=&#8221;default&#8221; module_alignment=&#8221;left&#8221; custom_padding=&#8221;|30px||30px|false|true&#8221; global_colors_info=&#8221;{}&#8221;]<\/p>\n<p style=\"text-align: justify;\">Milttumoren vertegenwoordigen 7% van de tumoren die bij honden worden aangetroffen. Ze zijn veel zeldzamer bij katten.<\/p>\n<p style=\"text-align: justify;\">De meest voorkomende tumor van de milt is het hemangiosarcoom. Bepaalde rassen hebben er aanleg voor: de Duitse Herder, de Golden Retriever, de Labrador, de Boxer, de Poedel\u2026 maar komt voor bij alle rassen met een overwicht in middelgrote tot grote rassen.<\/p>\n<p style=\"text-align: justify;\">Als het gaat om kwaadaardige tumoren, die ongeveer een op de twee gevallen vertegenwoordigen, is hun prognose vaak slecht. De sterke vascularisatie van de milt zorgt er inderdaad voor dat deze tumoren de neiging hebben om snel te metastaseren.<\/p>\n<p style=\"text-align: justify;\">Een massa op de milt kan uw dierenarts soms voelen tijdens buikpalpatie. Het is ook mogelijk dat zo&#8217;n massa zichtbaar wordt gemaakt op r\u00f6ntgenfoto&#8217;s, echografie of CT-scan. Meestal worden de massa&#8217;s op de milt echter pas laat ontdekt, wanneer dit orgaan scheurt, bij gebrek aan preventieve onderzoeken of suggestieve symptomen. Er is dan sprake van een buikbloeding. Het dier is meestal erg neerslachtig, in shock, heeft bleke slijmvliezen, kan ademhalingsmoeilijkheden hebben en een opgezwollen buik. In dit geval zal met spoed een operatie worden uitgevoerd, met als primair doel het stoppen van de bloeding. Indien nodig kunnen later aanvullende onderzoeken en een verlengingsonderzoek (bloedonderzoek, abdominale en\/of cardiale echografie, thoraxfoto&#8217;s, enz.) worden uitgevoerd.<\/p>\n<p style=\"text-align: justify;\">In aanwezigheid van een miltmassa is een operatie vereist. Pas na histologische analyse kan de aard van de massa worden bepaald en daarmee de mogelijke diagnose van milthemangiosarcoom worden vastgesteld. Als dit niet voorafgaand aan de operatie is gedaan, maakt de bovengenoemde verlengingsbeoordeling het mogelijk om te weten of er al metastasen zijn en dus om de prognose te verfijnen (die natuurlijk vertroebeld wordt door de bewezen aanwezigheid van metastasen). een chemotherapieprotocol kan dan worden genomen.<\/p>\n<p style=\"text-align: justify;\"><strong>Vanwege de grove of weinig suggestieve klinische symptomen herinneren milthemangiosarcomen ons aan het belang van aanvullende onderzoeken als preventieve maatregel bij onze honden vanaf 6 jaar. Idealiter zouden hematologie en echografie van de milt elk jaar moeten worden uitgevoerd.<\/strong><\/p>\n<p>[\/et_pb_text][et_pb_button button_url=&#8221;&lt;!&#8211;&#91;CDATA&#91;https:\/\/www.vetcarecenter.be\/prendre-rdv\/&#93;&#93;&#8211;&gt;&#8221; button_text=&#8221;Een afspraak maken&#8230;&#8221; button_alignment=&#8221;center&#8221; _builder_version=&#8221;4.22.1&#8243; custom_button=&#8221;on&#8221; button_text_size=&#8221;17px&#8221; button_text_color=&#8221;#FFFFFF&#8221; button_bg_color=&#8221;#0d59dd&#8221; button_border_width=&#8221;6px&#8221; button_border_color=&#8221;rgba(0,0,0,0)&#8221; button_border_radius=&#8221;14px&#8221; button_font=&#8221;|700|||||||&#8221; button_use_icon=&#8221;off&#8221; background_layout=&#8221;dark&#8221; custom_margin=&#8221;||0px||false|false&#8221; custom_padding=&#8221;10px|17px|10px|17px|true|true&#8221; box_shadow_style=&#8221;preset2&#8243; locked=&#8221;off&#8221; global_colors_info=&#8221;{}&#8221; box_shadow_color__hover_enabled=&#8221;on|hover&#8221; box_shadow_color__hover=&#8221;rgba(237,111,33,0.3)&#8221;][\/et_pb_button][\/et_pb_column][et_pb_column type=&#8221;1_3&#8243; _builder_version=&#8221;4.18.0&#8243; _module_preset=&#8221;default&#8221; global_colors_info=&#8221;{}&#8221;][et_pb_image src=&#8221;https:\/\/www.vetcarecenter.be\/wp-content\/uploads\/2022\/10\/311925682_650369836666208_3146041950179595487_n-161&#215;300.jpg&#8221; title_text=&#8221;311925682_650369836666208_3146041950179595487_n&#8221; _builder_version=&#8221;4.22.1&#8243; _module_preset=&#8221;default&#8221; custom_padding=&#8221;|30px||30px|false|true&#8221; border_radii=&#8221;on|12px|12px|12px|12px&#8221; global_colors_info=&#8221;{}&#8221;][\/et_pb_image][\/et_pb_column][\/et_pb_row][\/et_pb_section][et_pb_section fb_built=&#8221;1&#8243; admin_label=&#8221;Footer&#8221; _builder_version=&#8221;4.19.2&#8243; background_color=&#8221;#f6f3ea&#8221; custom_padding=&#8221;||0px|||&#8221; saved_tabs=&#8221;all&#8221; global_colors_info=&#8221;{}&#8221;][et_pb_row column_structure=&#8221;1_3,1_3,1_3&#8243; custom_padding_last_edited=&#8221;on|desktop&#8221; _builder_version=&#8221;4.22.1&#8243; background_color=&#8221;rgba(186,186,186,0.19)&#8221; background_image=&#8221;https:\/\/www.vetcarecenter.be\/wp-content\/uploads\/2022\/04\/vetcare_fond2.png&#8221; background_size=&#8221;initial&#8221; background_position=&#8221;bottom_center&#8221; width=&#8221;90%&#8221; width_tablet=&#8221;95%&#8221; width_phone=&#8221;&#8221; width_last_edited=&#8221;on|desktop&#8221; max_width=&#8221;none&#8221; module_alignment=&#8221;right&#8221; custom_margin=&#8221;0px||||false|false&#8221; custom_padding=&#8221;60px|10vw|5vw|40px|false|false&#8221; custom_padding_tablet=&#8221;|40px|||false|false&#8221; custom_padding_phone=&#8221;&#8221; border_radii=&#8221;off|200px|||&#8221; border_radii_tablet=&#8221;|0px|||&#8221; border_radii_last_edited=&#8221;off|tablet&#8221; global_colors_info=&#8221;{}&#8221;][et_pb_column type=&#8221;1_3&#8243; _builder_version=&#8221;4.16&#8243; global_colors_info=&#8221;{}&#8221;][et_pb_image src=&#8221;https:\/\/www.vetcarecenter.be\/wp-content\/uploads\/2022\/01\/logo_300pc_contur.png&#8221; title_text=&#8221;Vetcare_center&#8221; _builder_version=&#8221;4.18.0&#8243; _module_preset=&#8221;default&#8221; width=&#8221;71%&#8221; max_width=&#8221;100%&#8221; module_alignment=&#8221;center&#8221; custom_margin=&#8221;137px||||false|false&#8221; global_colors_info=&#8221;{}&#8221;][\/et_pb_image][\/et_pb_column][et_pb_column type=&#8221;1_3&#8243; _builder_version=&#8221;4.16&#8243; _module_preset=&#8221;default&#8221; global_colors_info=&#8221;{}&#8221;][et_pb_text _builder_version=&#8221;4.16&#8243; text_font=&#8221;||||||||&#8221; text_line_height=&#8221;1.8em&#8221; header_font=&#8221;||||||||&#8221; header_text_color=&#8221;RGBA(255,255,255,0)&#8221; header_3_font=&#8221;Amatic SC|700|||||||&#8221; header_3_text_color=&#8221;#ee6a5b&#8221; header_3_font_size=&#8221;40px&#8221; header_3_line_height=&#8221;1.2em&#8221; custom_margin=&#8221;0px||||false|false&#8221; global_colors_info=&#8221;{}&#8221;]<\/p>\n<h3><span style=\"color: #0c71c3;\">Contacteer ons<\/span><\/h3>\n<p>Votre v\u00e9t\u00e9rinaire \u00e0 Beersel<br \/>Uw dierenarts te Beersel<br \/>Your vet at Beersel<\/p>\n<p><strong>Alsembergsesteenweg 439, 1653 DWORP<\/strong><\/p>\n<p>[\/et_pb_text][et_pb_text _builder_version=&#8221;4.16&#8243; text_font=&#8221;||||||||&#8221; text_text_color=&#8221;#ed6f21&#8243; text_font_size=&#8221;20px&#8221; text_line_height=&#8221;1.8em&#8221; header_font=&#8221;||||||||&#8221; header_text_color=&#8221;RGBA(255,255,255,0)&#8221; header_3_font=&#8221;Amatic SC|700|||||||&#8221; header_3_text_color=&#8221;#ee6a5b&#8221; header_3_font_size=&#8221;40px&#8221; header_3_line_height=&#8221;1.2em&#8221; custom_margin=&#8221;0px||||false|false&#8221; global_colors_info=&#8221;{}&#8221;]<\/p>\n<h3><span style=\"color: #0c71c3;\">Spoed<\/span><\/h3>\n<p>0475 \/ 78 17 39<\/p>\n<p>[\/et_pb_text][et_pb_text _builder_version=&#8221;4.16&#8243; text_font=&#8221;||||||||&#8221; text_text_color=&#8221;#8c8c8c&#8221; text_font_size=&#8221;20px&#8221; text_line_height=&#8221;1.8em&#8221; header_font=&#8221;||||||||&#8221; header_text_color=&#8221;RGBA(255,255,255,0)&#8221; header_3_font=&#8221;Amatic SC|700|||||||&#8221; header_3_text_color=&#8221;#ee6a5b&#8221; header_3_font_size=&#8221;40px&#8221; header_3_line_height=&#8221;1.2em&#8221; custom_margin=&#8221;0px||||false|false&#8221; custom_padding=&#8221;0px||25px||false|false&#8221; global_colors_info=&#8221;{}&#8221;]<\/p>\n<h3><span style=\"color: #0c71c3;\">Bel ons<br \/><\/span><\/h3>\n<p>02 380 24 92<\/p>\n<p>[\/et_pb_text][\/et_pb_column][et_pb_column type=&#8221;1_3&#8243; _builder_version=&#8221;4.16&#8243; _module_preset=&#8221;default&#8221; global_colors_info=&#8221;{}&#8221;][et_pb_text _builder_version=&#8221;4.16&#8243; text_font=&#8221;||||||||&#8221; text_text_color=&#8221;#919191&#8243; text_font_size=&#8221;20px&#8221; text_line_height=&#8221;1.8em&#8221; header_font=&#8221;||||||||&#8221; header_text_color=&#8221;RGBA(255,255,255,0)&#8221; header_3_font=&#8221;Amatic SC|700|||||||&#8221; header_3_text_color=&#8221;#ee6a5b&#8221; header_3_font_size=&#8221;40px&#8221; header_3_line_height=&#8221;1.2em&#8221; custom_margin=&#8221;0px||||false|false&#8221; global_colors_info=&#8221;{}&#8221;]<\/p>\n<h3><span style=\"color: #0c71c3;\">Contact opnemen<br \/><\/span><\/h3>\n<p>info@vetcarecenter.be<br \/>assistante@vetcarecenter.be<\/p>\n<p>[\/et_pb_text][et_pb_blurb title=&#8221;Volg ons op FB en instagram&#8221; image=&#8221;https:\/\/www.vetcarecenter.be\/wp-content\/uploads\/2022\/01\/193edf17e6587c8a541776639b9d57ba2.jpg&#8221; icon_alignment=&#8221;left&#8221; _builder_version=&#8221;4.16&#8243; _module_preset=&#8221;default&#8221; global_colors_info=&#8221;{}&#8221;]<\/p>\n<p>Copyright \u00a9 2021 <a href=\"https:\/\/www.vetcarecenter.be\/nl\/\">Vetcare Center.<\/a><\/p>\n<p>[\/et_pb_blurb][\/et_pb_column][\/et_pb_row][\/et_pb_section]<\/p>\n","protected":false},"excerpt":{"rendered":"<p>Inwendige geneeskundeInterne geneeskunde is een ware specialisatie binnen de algemene geneeskunde en omvat alle pathologie\u00ebn. Interne geneeskunde is het specialisme voor complexe diagnostische procedures en de behandeling van dieren die lijden aan meerdere pathologie\u00ebn of systemische ziekten. Waar de verschillende organen kruisen, bezit de internist de nodige kennis om een overzicht te behouden in complexe [&hellip;]<\/p>\n","protected":false},"author":2,"featured_media":0,"parent":0,"menu_order":0,"comment_status":"closed","ping_status":"closed","template":"","meta":{"_et_pb_use_builder":"on","_et_pb_old_content":"","_et_gb_content_width":"","footnotes":""},"class_list":["post-8905","page","type-page","status-publish","hentry"],"aioseo_notices":[],"_links":{"self":[{"href":"https:\/\/www.vetcarecenter.be\/nl\/wp-json\/wp\/v2\/pages\/8905","targetHints":{"allow":["GET"]}}],"collection":[{"href":"https:\/\/www.vetcarecenter.be\/nl\/wp-json\/wp\/v2\/pages"}],"about":[{"href":"https:\/\/www.vetcarecenter.be\/nl\/wp-json\/wp\/v2\/types\/page"}],"author":[{"embeddable":true,"href":"https:\/\/www.vetcarecenter.be\/nl\/wp-json\/wp\/v2\/users\/2"}],"replies":[{"embeddable":true,"href":"https:\/\/www.vetcarecenter.be\/nl\/wp-json\/wp\/v2\/comments?post=8905"}],"version-history":[{"count":22,"href":"https:\/\/www.vetcarecenter.be\/nl\/wp-json\/wp\/v2\/pages\/8905\/revisions"}],"predecessor-version":[{"id":12969,"href":"https:\/\/www.vetcarecenter.be\/nl\/wp-json\/wp\/v2\/pages\/8905\/revisions\/12969"}],"wp:attachment":[{"href":"https:\/\/www.vetcarecenter.be\/nl\/wp-json\/wp\/v2\/media?parent=8905"}],"curies":[{"name":"wp","href":"https:\/\/api.w.org\/{rel}","templated":true}]}}