{"id":8548,"date":"2022-02-08T18:59:37","date_gmt":"2022-02-08T17:59:37","guid":{"rendered":"https:\/\/www.vetcarecenter.be\/bijkomende-onderzoeken\/"},"modified":"2026-03-09T17:20:03","modified_gmt":"2026-03-09T16:20:03","slug":"bijkomende-onderzoeken","status":"publish","type":"page","link":"https:\/\/www.vetcarecenter.be\/nl\/bijkomende-onderzoeken\/","title":{"rendered":"Extra examens"},"content":{"rendered":"<p>[et_pb_section fb_built=&#8221;1&#8243; custom_padding_last_edited=&#8221;on|phone&#8221; next_background_color=&#8221;#FFFFFF&#8221; admin_label=&#8221;Header&#8221; _builder_version=&#8221;4.22.1&#8243; background_color=&#8221;rgba(186,186,186,0.19)&#8221; background_enable_image=&#8221;off&#8221; background_size=&#8221;contain&#8221; background_position=&#8221;bottom_left&#8221; background_horizontal_offset=&#8221;100%&#8221; background_vertical_offset=&#8221;-25%&#8221; overflow-x=&#8221;hidden&#8221; overflow-y=&#8221;hidden&#8221; custom_padding=&#8221;||||false|false&#8221; custom_padding_tablet=&#8221;&#8221; custom_padding_phone=&#8221;||80px||false|false&#8221; bottom_divider_style=&#8221;waves&#8221; bottom_divider_height=&#8221;101px&#8221; bottom_divider_repeat=&#8221;1x&#8221; global_colors_info=&#8221;{}&#8221;][et_pb_row column_structure=&#8221;2_5,3_5&#8243; _builder_version=&#8221;4.22.1&#8243; _module_preset=&#8221;default&#8221; global_colors_info=&#8221;{}&#8221;][et_pb_column type=&#8221;2_5&#8243; _builder_version=&#8221;4.22.1&#8243; _module_preset=&#8221;default&#8221; global_colors_info=&#8221;{}&#8221;][et_pb_image src=&#8221;https:\/\/www.vetcarecenter.be\/wp-content\/uploads\/2021\/12\/logo_divi.png&#8221; title_text=&#8221;Vetcare_center&#8221; align=&#8221;right&#8221; _builder_version=&#8221;4.22.1&#8243; _module_preset=&#8221;default&#8221; global_colors_info=&#8221;{}&#8221;][\/et_pb_image][\/et_pb_column][et_pb_column type=&#8221;3_5&#8243; _builder_version=&#8221;4.22.1&#8243; _module_preset=&#8221;default&#8221; global_colors_info=&#8221;{}&#8221;][et_pb_image src=&#8221;https:\/\/www.vetcarecenter.be\/wp-content\/uploads\/2023\/09\/Vetcare_center6.jpg&#8221; title_text=&#8221;Vetcare_center6&#8243; align=&#8221;right&#8221; _builder_version=&#8221;4.22.1&#8243; _module_preset=&#8221;default&#8221; transform_scale=&#8221;112%|112%&#8221; transform_rotate=&#8221;0deg|0deg|7deg&#8221; border_radii=&#8221;on|50px|50px|50px|50px&#8221; border_width_all=&#8221;5px&#8221; border_color_all=&#8221;#cecece&#8221; global_colors_info=&#8221;{}&#8221;][\/et_pb_image][\/et_pb_column][\/et_pb_row][\/et_pb_section][et_pb_section fb_built=&#8221;1&#8243; admin_label=&#8221;About&#8221; _builder_version=&#8221;4.22.1&#8243; background_color=&#8221;#FFFFFF&#8221; use_background_color_gradient=&#8221;on&#8221; background_color_gradient_stops=&#8221;#ffffff 0%|#f6f3ea 99%&#8221; background_color_gradient_start=&#8221;rgba(255,255,255,0)&#8221; background_color_gradient_end=&#8221;rgba(255,255,255,0)&#8221; custom_padding=&#8221;||||false|false&#8221; global_colors_info=&#8221;{}&#8221;][et_pb_row _builder_version=&#8221;4.22.1&#8243; _module_preset=&#8221;default&#8221; global_colors_info=&#8221;{}&#8221;][et_pb_column type=&#8221;4_4&#8243; _builder_version=&#8221;4.22.1&#8243; _module_preset=&#8221;default&#8221; global_colors_info=&#8221;{}&#8221;][et_pb_text _builder_version=&#8221;4.22.1&#8243; header_2_font=&#8221;Amatic SC|700|||||||&#8221; header_2_text_color=&#8221;#0d59dd&#8221; header_2_font_size=&#8221;55px&#8221; header_2_line_height=&#8221;1.2em&#8221; header_2_font_size_tablet=&#8221;60px&#8221; header_2_font_size_phone=&#8221;32px&#8221; header_2_font_size_last_edited=&#8221;on|phone&#8221; global_colors_info=&#8221;{}&#8221;]<\/p>\n<h2 class=\"elementor-heading-title elementor-size-xl\" style=\"text-align: center;\">Aanvullende onderzoeken: radiografie, echografie, bloedonderzoek enz.<\/h2>\n<p>[\/et_pb_text][et_pb_text _builder_version=&#8221;4.22.1&#8243; text_font=&#8221;||||||||&#8221; text_font_size=&#8221;16px&#8221; text_line_height=&#8221;1.8em&#8221; custom_padding=&#8221;||||false|false&#8221; global_colors_info=&#8221;{}&#8221;]<\/p>\n<section class=\"elementor-section elementor-top-section elementor-element elementor-element-e450878 elementor-section-boxed elementor-section-height-default elementor-section-height-default\" data-id=\"e450878\" data-element_type=\"section\">\n<div class=\"elementor-container elementor-column-gap-default\">\n<div class=\"elementor-row\">\n<div class=\"elementor-column elementor-col-100 elementor-top-column elementor-element elementor-element-438a839\" data-id=\"438a839\" data-element_type=\"column\">\n<div class=\"elementor-column-wrap elementor-element-populated\">\n<div class=\"elementor-widget-wrap\">\n<div class=\"elementor-element elementor-element-0300926 elementor-widget elementor-widget-heading\" data-id=\"0300926\" data-element_type=\"widget\" data-widget_type=\"heading.default\">\n<div class=\"elementor-widget-container\">\n<p class=\"elementor-heading-title elementor-size-default\" style=\"text-align: center;\">Soms is het nodig een beroep te doen op verschillende aanvullende onderzoeken om een diagnose of een prognose te stellen.<\/p>\n<\/div>\n<\/div>\n<\/div>\n<\/div>\n<\/div>\n<\/div>\n<\/div>\n<\/section>\n<p>[\/et_pb_text][\/et_pb_column][\/et_pb_row][et_pb_row column_structure=&#8221;3_5,2_5&#8243; _builder_version=&#8221;4.22.1&#8243; background_color=&#8221;#FFFFFF&#8221; custom_margin=&#8221;50px||||false|false&#8221; border_radii=&#8221;on|21px|21px|21px|21px&#8221; border_width_all=&#8221;5px&#8221; border_color_all=&#8221;#cecece&#8221; box_shadow_style=&#8221;preset2&#8243; box_shadow_color=&#8221;rgba(13,89,221,0.69)&#8221; locked=&#8221;off&#8221; global_colors_info=&#8221;{}&#8221;][et_pb_column type=&#8221;3_5&#8243; _builder_version=&#8221;4.16&#8243; global_colors_info=&#8221;{}&#8221;][et_pb_text _builder_version=&#8221;4.18.0&#8243; _module_preset=&#8221;default&#8221; text_line_height=&#8221;2em&#8221; custom_padding=&#8221;30px|40px|30px|40px|true|true&#8221; border_color_all=&#8221;#FFFFFF&#8221; global_colors_info=&#8221;{}&#8221;]<\/p>\n<p style=\"text-align: justify;\">Velen van deze onderzoeken kunnen wij in huis uitvoeren, anderen vereisen zeer specifiek materiaal of gespecialiseerde dierenartsen. Op dat moment werken we met gespecialiseerde collega&#8217;s die je verwelkomen in hun structuur. Dit is het geval voor scanners, MIR, gespecialiseerde oogconsultaties.<\/p>\n<p style=\"text-align: justify;\"><strong>Radiologie<\/strong> &#8211; Meer dan 100 jaar geleden ontdekt, behoudt radiografie een onmiskenbare diagnostische interesse in veel medische gebieden. Radiografie is een diagnostisch onderzoek waarbij gebruik wordt gemaakt van r\u00f6ntgenstralen. R\u00f6ntgenstralen behoren tot dezelfde familie als lichtstralen, maar met een kortere golflengte. R\u00f6ntgenstralen hebben de eigenschap dat zij een r\u00f6ntgenplaat kunnen afdrukken op dezelfde wijze als licht een fotografische film afdrukt. In tegenstelling tot de foto geeft de r\u00f6ntgenfoto echter geen beeld van de lichaamsenvelop.<\/p>\n<p style=\"text-align: justify;\">De X-stralen geven echter geen beeld van de buitenkant van het lichaam maar geven een beeld van de inwendige anatomie, aangezien zij doorheen de materie gaan! In functie van het orgaan dat wij willen zien, zal de foto meer of minder zwart zijn. Op deze manier zullen op een radiografie de botstructuren wit weergegeven worden, aangezien zij de stralen absorberen en andere organen, zoals de longen zullen zwart weergegeven worden. Aangezien deze stralen zo gemakkelijk door de weefsel heen gaan, zijn zij ook gekend voor hun schadelijkheid. Bij het uitvoeren van deze onderzoeken, moet dus ook alles in het werk gesteld worden om iedereen zoveel mogelijk te beschermen. Aangezien dit onderzoek meestal niet pijnlijk is, kunnen wij deze uitvoeren zonder sedatie, in sommige gevallen zullen wij wel nood hebben aan een lichte sedatie van de dieren.<\/p>\n<p>[\/et_pb_text][et_pb_divider color=&#8221;rgba(13,89,221,0.69)&#8221; divider_weight=&#8221;3px&#8221; _builder_version=&#8221;4.22.1&#8243; _module_preset=&#8221;default&#8221; width=&#8221;36%&#8221; custom_padding=&#8221;|||30px|false|false&#8221; global_colors_info=&#8221;{}&#8221;][\/et_pb_divider][et_pb_text _builder_version=&#8221;4.16&#8243; _module_preset=&#8221;default&#8221; custom_padding=&#8221;20px|30px|20px|30px|true|true&#8221; global_colors_info=&#8221;{}&#8221;]<\/p>\n<p style=\"text-align: justify;\"><strong>Echografie<\/strong>\u2013 Voor deze onderzoeken word gebruik gemaakt van ultrasone geluidgolven. Het is een simpele, pijnloze techniek zonder neveneffecten op het lichaam. Met deze techniek kunnen wij volgende organen onderzoeken: weke delen, hart,buikholte, massa\u2019s. Ook dit onderzoek kan meestal plaatsvinden zonder sedatie, enkel in bepaalde uitzonderingen zal een lichte sedatie nodig zijn.<\/p>\n<p>[\/et_pb_text][et_pb_divider color=&#8221;rgba(13,89,221,0.69)&#8221; divider_weight=&#8221;3px&#8221; _builder_version=&#8221;4.22.1&#8243; _module_preset=&#8221;default&#8221; width=&#8221;36%&#8221; custom_padding=&#8221;|||30px|false|false&#8221; global_colors_info=&#8221;{}&#8221;][\/et_pb_divider][et_pb_text _builder_version=&#8221;4.16&#8243; _module_preset=&#8221;default&#8221; custom_padding=&#8221;20px|30px|20px|30px|true|true&#8221; global_colors_info=&#8221;{}&#8221;]<\/p>\n<p style=\"text-align: justify;\"><strong><\/strong><strong>Laboratorium en microscopie. De meeste analyses worden onmiddellijk in het centrum gedaan, dag en nacht:<\/strong> microscopie (bloedcytologie, urinecytologie, stoelganganalyses, dermatologische stalen, parasitologisch onderzoek, kweek, enz.), bloedanalyses, urineanalyses, culturen voor identificatie en antibiogram. Bepaalde analyses worden naar het Bauduin-laboratorium gestuurd en u wordt er rechtstreeks door gefactureerd.<\/p>\n<p>[\/et_pb_text][et_pb_button button_url=&#8221;&lt;!&#8211;&#91;CDATA&#91;https:\/\/www.vetcarecenter.be\/prendre-rdv\/&#93;&#93;&#8211;&gt;&#8221; button_text=&#8221;Een afspraak maken&#8230;&#8221; button_alignment=&#8221;center&#8221; _builder_version=&#8221;4.22.1&#8243; custom_button=&#8221;on&#8221; button_text_size=&#8221;17px&#8221; button_text_color=&#8221;#FFFFFF&#8221; button_bg_color=&#8221;#0d59dd&#8221; button_border_width=&#8221;6px&#8221; button_border_color=&#8221;rgba(0,0,0,0)&#8221; button_border_radius=&#8221;14px&#8221; button_font=&#8221;|700|||||||&#8221; button_use_icon=&#8221;off&#8221; background_layout=&#8221;dark&#8221; custom_margin=&#8221;||0px||false|false&#8221; custom_padding=&#8221;10px|17px|10px|17px|true|true&#8221; box_shadow_style=&#8221;preset2&#8243; locked=&#8221;off&#8221; global_colors_info=&#8221;{}&#8221; box_shadow_color__hover_enabled=&#8221;on|hover&#8221; box_shadow_color__hover=&#8221;rgba(237,111,33,0.3)&#8221;][\/et_pb_button][\/et_pb_column][et_pb_column type=&#8221;2_5&#8243; _builder_version=&#8221;4.16&#8243; global_colors_info=&#8221;{}&#8221;][et_pb_image src=&#8221;https:\/\/www.vetcarecenter.be\/wp-content\/uploads\/2022\/02\/Radiografia-lateral-gato-1024&#215;677-1.jpg&#8221; title_text=&#8221;Radiografia-lateral-gato-1024&#215;677&#8243; align=&#8221;center&#8221; _builder_version=&#8221;4.27.5&#8243; _module_preset=&#8221;default&#8221; custom_padding=&#8221;|20px||20px|false|true&#8221; hover_enabled=&#8221;0&#8243; border_radii=&#8221;on|12px|12px|12px|12px&#8221; global_colors_info=&#8221;{}&#8221; alt=&#8221;Afbeelding &#8211; Laterale r\u00f6ntgenfoto van een kat&#8221; sticky_enabled=&#8221;0&#8243;][\/et_pb_image][et_pb_image src=&#8221;https:\/\/www.vetcarecenter.be\/wp-content\/uploads\/2022\/02\/piece-radio-petit.jpg&#8221; title_text=&#8221;Vetcare_center&#8221; align=&#8221;center&#8221; _builder_version=&#8221;4.27.5&#8243; _module_preset=&#8221;default&#8221; hover_enabled=&#8221;0&#8243; border_radii=&#8221;on|12px|12px|12px|12px&#8221; global_colors_info=&#8221;{}&#8221; alt=&#8221;Foto Vetcare Center&#8221; sticky_enabled=&#8221;0&#8243;][\/et_pb_image][et_pb_image src=&#8221;https:\/\/www.vetcarecenter.be\/wp-content\/uploads\/2022\/02\/1537863_700330340011090_596085836_o.jpg&#8221; title_text=&#8221;Vetcare_center&#8221; align=&#8221;center&#8221; _builder_version=&#8221;4.27.5&#8243; _module_preset=&#8221;default&#8221; height=&#8221;373px&#8221; hover_enabled=&#8221;0&#8243; border_radii=&#8221;on|12px|12px|12px|12px&#8221; global_colors_info=&#8221;{}&#8221; alt=&#8221;Foto Vetcare Center&#8221; sticky_enabled=&#8221;0&#8243;][\/et_pb_image][\/et_pb_column][\/et_pb_row][\/et_pb_section]<\/p>\n","protected":false},"excerpt":{"rendered":"<p>Aanvullende onderzoeken: radiografie, echografie, bloedonderzoek enz. Soms is het nodig een beroep te doen op verschillende aanvullende onderzoeken om een diagnose of een prognose te stellen. Velen van deze onderzoeken kunnen wij in huis uitvoeren, anderen vereisen zeer specifiek materiaal of gespecialiseerde dierenartsen. Op dat moment werken we met gespecialiseerde collega&#8217;s die je verwelkomen in [&hellip;]<\/p>\n","protected":false},"author":2,"featured_media":0,"parent":0,"menu_order":0,"comment_status":"closed","ping_status":"closed","template":"","meta":{"_et_pb_use_builder":"on","_et_pb_old_content":"","_et_gb_content_width":"","footnotes":""},"class_list":["post-8548","page","type-page","status-publish","hentry"],"aioseo_notices":[],"_links":{"self":[{"href":"https:\/\/www.vetcarecenter.be\/nl\/wp-json\/wp\/v2\/pages\/8548","targetHints":{"allow":["GET"]}}],"collection":[{"href":"https:\/\/www.vetcarecenter.be\/nl\/wp-json\/wp\/v2\/pages"}],"about":[{"href":"https:\/\/www.vetcarecenter.be\/nl\/wp-json\/wp\/v2\/types\/page"}],"author":[{"embeddable":true,"href":"https:\/\/www.vetcarecenter.be\/nl\/wp-json\/wp\/v2\/users\/2"}],"replies":[{"embeddable":true,"href":"https:\/\/www.vetcarecenter.be\/nl\/wp-json\/wp\/v2\/comments?post=8548"}],"version-history":[{"count":28,"href":"https:\/\/www.vetcarecenter.be\/nl\/wp-json\/wp\/v2\/pages\/8548\/revisions"}],"predecessor-version":[{"id":12925,"href":"https:\/\/www.vetcarecenter.be\/nl\/wp-json\/wp\/v2\/pages\/8548\/revisions\/12925"}],"wp:attachment":[{"href":"https:\/\/www.vetcarecenter.be\/nl\/wp-json\/wp\/v2\/media?parent=8548"}],"curies":[{"name":"wp","href":"https:\/\/api.w.org\/{rel}","templated":true}]}}