{"id":8952,"date":"2022-02-11T18:22:33","date_gmt":"2022-02-11T17:22:33","guid":{"rendered":"https:\/\/www.vetcarecenter.be\/nutrition\/"},"modified":"2023-09-19T15:44:12","modified_gmt":"2023-09-19T15:44:12","slug":"nutrition","status":"publish","type":"page","link":"https:\/\/www.vetcarecenter.be\/en\/nutrition\/","title":{"rendered":"Nutrition"},"content":{"rendered":"<p>[et_pb_section fb_built=&#8221;1&#8243; custom_padding_last_edited=&#8221;on|phone&#8221; next_background_color=&#8221;#FFFFFF&#8221; admin_label=&#8221;Header&#8221; _builder_version=&#8221;4.22.1&#8243; background_color=&#8221;rgba(186,186,186,0.19)&#8221; background_enable_image=&#8221;off&#8221; background_size=&#8221;contain&#8221; background_position=&#8221;bottom_left&#8221; background_horizontal_offset=&#8221;100%&#8221; background_vertical_offset=&#8221;-25%&#8221; overflow-x=&#8221;hidden&#8221; overflow-y=&#8221;hidden&#8221; custom_padding=&#8221;||||false|false&#8221; custom_padding_tablet=&#8221;&#8221; custom_padding_phone=&#8221;||80px||false|false&#8221; bottom_divider_style=&#8221;waves&#8221; bottom_divider_height=&#8221;101px&#8221; bottom_divider_repeat=&#8221;1x&#8221; global_colors_info=&#8221;{}&#8221; theme_builder_area=&#8221;post_content&#8221;][et_pb_row column_structure=&#8221;2_5,3_5&#8243; _builder_version=&#8221;4.22.1&#8243; _module_preset=&#8221;default&#8221; global_colors_info=&#8221;{}&#8221; theme_builder_area=&#8221;post_content&#8221;][et_pb_column type=&#8221;2_5&#8243; _builder_version=&#8221;4.22.1&#8243; _module_preset=&#8221;default&#8221; global_colors_info=&#8221;{}&#8221; theme_builder_area=&#8221;post_content&#8221;][et_pb_image src=&#8221;https:\/\/www.vetcarecenter.be\/wp-content\/uploads\/2021\/12\/logo_divi.png&#8221; title_text=&#8221;Vetcare_center&#8221; align=&#8221;right&#8221; _builder_version=&#8221;4.22.1&#8243; _module_preset=&#8221;default&#8221; global_colors_info=&#8221;{}&#8221; theme_builder_area=&#8221;post_content&#8221;][\/et_pb_image][\/et_pb_column][et_pb_column type=&#8221;3_5&#8243; _builder_version=&#8221;4.22.1&#8243; _module_preset=&#8221;default&#8221; global_colors_info=&#8221;{}&#8221; theme_builder_area=&#8221;post_content&#8221;][et_pb_image src=&#8221;https:\/\/www.vetcarecenter.be\/wp-content\/uploads\/2023\/09\/Vetcare_center21.jpg&#8221; title_text=&#8221;Vetcare_center21&#8243; align=&#8221;right&#8221; _builder_version=&#8221;4.22.1&#8243; _module_preset=&#8221;default&#8221; transform_scale=&#8221;112%|112%&#8221; transform_rotate=&#8221;0deg|0deg|7deg&#8221; hover_enabled=&#8221;0&#8243; border_radii=&#8221;on|50px|50px|50px|50px&#8221; border_width_all=&#8221;5px&#8221; border_color_all=&#8221;#cecece&#8221; global_colors_info=&#8221;{}&#8221; theme_builder_area=&#8221;post_content&#8221; sticky_enabled=&#8221;0&#8243;][\/et_pb_image][\/et_pb_column][\/et_pb_row][\/et_pb_section][et_pb_section fb_built=&#8221;1&#8243; admin_label=&#8221;About&#8221; _builder_version=&#8221;4.22.1&#8243; background_color=&#8221;#FFFFFF&#8221; use_background_color_gradient=&#8221;on&#8221; background_color_gradient_stops=&#8221;#ffffff 0%|#f6f3ea 100%&#8221; background_color_gradient_start=&#8221;rgba(255,255,255,0)&#8221; background_color_gradient_end=&#8221;rgba(255,255,255,0)&#8221; custom_padding=&#8221;||||false|false&#8221; hover_enabled=&#8221;0&#8243; global_colors_info=&#8221;{}&#8221; sticky_enabled=&#8221;0&#8243;][et_pb_row _builder_version=&#8221;4.22.1&#8243; _module_preset=&#8221;default&#8221; theme_builder_area=&#8221;post_content&#8221;][et_pb_column _builder_version=&#8221;4.22.1&#8243; _module_preset=&#8221;default&#8221; type=&#8221;4_4&#8243; theme_builder_area=&#8221;post_content&#8221;][et_pb_text _builder_version=&#8221;4.22.1&#8243; header_2_font=&#8221;Amatic SC|700|||||||&#8221; header_2_text_color=&#8221;#0d59dd&#8221; header_2_font_size=&#8221;55px&#8221; header_2_line_height=&#8221;1.2em&#8221; hover_enabled=&#8221;0&#8243; header_2_font_size_tablet=&#8221;60px&#8221; header_2_font_size_phone=&#8221;32px&#8221; header_2_font_size_last_edited=&#8221;on|phone&#8221; global_colors_info=&#8221;{}&#8221; theme_builder_area=&#8221;post_content&#8221; sticky_enabled=&#8221;0&#8243;]<\/p>\n<h2 style=\"text-align: center;\">Nutrition<\/h2>\n<p>[\/et_pb_text][et_pb_text _builder_version=&#8221;4.22.1&#8243; text_font=&#8221;||||||||&#8221; text_font_size=&#8221;16px&#8221; text_line_height=&#8221;1.8em&#8221; custom_padding=&#8221;||||false|false&#8221; hover_enabled=&#8221;0&#8243; global_colors_info=&#8221;{}&#8221; theme_builder_area=&#8221;post_content&#8221; sticky_enabled=&#8221;0&#8243;]<\/p>\n<p style=\"text-align: left;\">After taking a closer look at nutrition, we have come to the conclusion that we must feed our animals with a balanced diet, of course. Whether in the form of kibble, fresh sachets or a household ration, it is essential to keep our animals healthy.<\/p>\n<p>[\/et_pb_text][\/et_pb_column][\/et_pb_row][et_pb_row column_structure=&#8221;3_5,2_5&#8243; _builder_version=&#8221;4.22.1&#8243; background_color=&#8221;#FFFFFF&#8221; custom_margin=&#8221;50px||||false|false&#8221; custom_padding=&#8221;|20px|||false|false&#8221; hover_enabled=&#8221;0&#8243; border_radii=&#8221;on|21px|21px|21px|21px&#8221; border_width_all=&#8221;5px&#8221; border_color_all=&#8221;#cecece&#8221; box_shadow_style=&#8221;preset2&#8243; locked=&#8221;off&#8221; global_colors_info=&#8221;{}&#8221; sticky_enabled=&#8221;0&#8243; box_shadow_color=&#8221;rgba(13,89,221,0.69)&#8221;][et_pb_column type=&#8221;3_5&#8243; _builder_version=&#8221;4.16&#8243; global_colors_info=&#8221;{}&#8221;][et_pb_text _builder_version=&#8221;4.16&#8243; _module_preset=&#8221;default&#8221; custom_padding=&#8221;|30px||30px|false|true&#8221; global_colors_info=&#8221;{}&#8221;]<\/p>\n<section class=\"elementor-section elementor-top-section elementor-element elementor-element-055824f elementor-section-boxed elementor-section-height-default elementor-section-height-default\" data-id=\"055824f\" data-element_type=\"section\" data-settings=\"{\"background_background\":\"gradient\"}\">\n<div class=\"elementor-container elementor-column-gap-default\">\n<div class=\"elementor-row\">\n<div class=\"elementor-column elementor-col-100 elementor-top-column elementor-element elementor-element-4d0d1af\" data-id=\"4d0d1af\" data-element_type=\"column\">\n<div class=\"elementor-column-wrap elementor-element-populated\">\n<div class=\"elementor-widget-wrap\">\n<div class=\"elementor-element elementor-element-44283bd elementor-widget elementor-widget-text-editor\" data-id=\"44283bd\" data-element_type=\"widget\" data-widget_type=\"text-editor.default\">\n<div class=\"elementor-widget-container\">\n<div class=\"elementor-text-editor elementor-clearfix\">\n<p style=\"text-align: justify;\">\n<p style=\"text-align: justify;\">\n<p style=\"text-align: justify;\">\n<p style=\"text-align: justify;\">\n<p style=\"text-align: justify;\">\n<p style=\"text-align: justify;\">\n<p style=\"text-align: justify;\">\n<p style=\"text-align: justify;\">For us, the best is either a BALANCED household ration prepared with good foods and supplements or a top-of-the-range diet in the form of kibble (well transported and stored (dry place and container emptied between each bag and cleaned)), freshness sachets in sauce or canned.<br \/>We already offer a wide range of very high-end dry and wet food at the center.<br \/>Some owners prefer to give fresh food to their dog, we do not advise against it provided that the ingredients of the household ration are of optimal quality and quantity <span class=\"textexposedshow\">(proteins, vitamins, minerals, trace elements, fatty acids, etc.) .<\/span><\/p>\n<p style=\"text-align: justify;\">Si vous souhaitez cuisiner vous-m\u00eame pour votre chien, nous pouvons composer avec vous les recettes id\u00e9ales pour lui, d\u00e9licieuses et sans carences en d\u00e9terminant ses besoins caloriques journaliers exacts. Cost for several rations with various foods: 25\u20ac (excluding consultations)<\/p>\n<p style=\"text-align: justify;\">If your animal has a pathology, you can either choose the medical range in the form of kibble, boxes and fresh sachets in sauce or cook yourself. to prepare this very specific ration, Doctor Falmagne is supervised by a nutritionist, Doctor Estelle Lhoest. Cost: 100\u20ac.<strong><\/strong><\/p>\n<\/div>\n<\/div>\n<\/div>\n<\/div>\n<\/div>\n<\/div>\n<\/div>\n<\/div>\n<\/section>\n<section class=\"elementor-section elementor-top-section elementor-element elementor-element-26bf18d elementor-section-height-min-height elementor-section-boxed elementor-section-height-default elementor-section-items-middle\" data-id=\"26bf18d\" data-element_type=\"section\">\n<div class=\"elementor-container elementor-column-gap-default\">\n<div class=\"elementor-row\">\n<div class=\"elementor-column elementor-col-100 elementor-top-column elementor-element elementor-element-3855c5e\" data-id=\"3855c5e\" data-element_type=\"column\">\n<div class=\"elementor-column-wrap\">\n<div class=\"elementor-widget-wrap\"><\/div>\n<\/div>\n<\/div>\n<\/div>\n<\/div>\n<\/section>\n<p>[\/et_pb_text][et_pb_button button_url=&#8221;https:\/\/www.chronovet.be\/fr\/&#8221; button_text=&#8221;Visit our Online Shop&#8221; button_alignment=&#8221;center&#8221; _builder_version=&#8221;4.22.1&#8243; custom_button=&#8221;on&#8221; button_text_size=&#8221;17px&#8221; button_text_color=&#8221;#FFFFFF&#8221; button_bg_color=&#8221;rgba(13,89,221,0.69)&#8221; button_border_color=&#8221;rgba(0,0,0,0)&#8221; button_border_radius=&#8221;14px&#8221; button_font=&#8221;|700|||||||&#8221; button_use_icon=&#8221;off&#8221; background_layout=&#8221;dark&#8221; custom_margin=&#8221;||||false|false&#8221; custom_padding=&#8221;10px|17px|10px|17px|true|true&#8221; hover_enabled=&#8221;0&#8243; box_shadow_style=&#8221;preset2&#8243; locked=&#8221;off&#8221; global_colors_info=&#8221;{}&#8221; box_shadow_color__hover_enabled=&#8221;on|hover&#8221; box_shadow_color__hover=&#8221;rgba(237,111,33,0.3)&#8221; theme_builder_area=&#8221;post_content&#8221; sticky_enabled=&#8221;0&#8243;][\/et_pb_button][et_pb_button button_url=&#8221;https:\/\/www.vetcarecenter.be\/en\/make-an-appointment\/&#8221; button_text=&#8221;Make an appointment&#8230;&#8221; button_alignment=&#8221;center&#8221; _builder_version=&#8221;4.22.1&#8243; custom_button=&#8221;on&#8221; button_text_size=&#8221;17px&#8221; button_text_color=&#8221;#FFFFFF&#8221; button_bg_color=&#8221;#0d59dd&#8221; button_border_width=&#8221;6px&#8221; button_border_color=&#8221;rgba(0,0,0,0)&#8221; button_border_radius=&#8221;14px&#8221; button_font=&#8221;|700|||||||&#8221; button_use_icon=&#8221;off&#8221; background_layout=&#8221;dark&#8221; custom_margin=&#8221;||0px||false|false&#8221; custom_padding=&#8221;10px|17px|10px|17px|true|true&#8221; box_shadow_style=&#8221;preset2&#8243; locked=&#8221;off&#8221; global_colors_info=&#8221;{}&#8221; box_shadow_color__hover_enabled=&#8221;on|hover&#8221; box_shadow_color__hover=&#8221;rgba(237,111,33,0.3)&#8221; theme_builder_area=&#8221;post_content&#8221;][\/et_pb_button][\/et_pb_column][et_pb_column type=&#8221;2_5&#8243; _builder_version=&#8221;4.22.1&#8243; background_color=&#8221;rgba(186,186,186,0.19)&#8221; hover_enabled=&#8221;0&#8243; border_radii=&#8221;on|12px|12px|12px|12px&#8221; global_colors_info=&#8221;{}&#8221; custom_padding=&#8221;19px||19px||true|false&#8221; sticky_enabled=&#8221;0&#8243;][et_pb_image src=&#8221;https:\/\/www.vetcarecenter.be\/wp-content\/uploads\/2022\/02\/87.jpg&#8221; title_text=&#8221;Vetcare_center&#8221; align=&#8221;center&#8221; _builder_version=&#8221;4.18.0&#8243; _module_preset=&#8221;default&#8221; module_alignment=&#8221;center&#8221; min_height=&#8221;325px&#8221; height=&#8221;329px&#8221; custom_padding=&#8221;|20px||20px|false|true&#8221; border_radii=&#8221;on|12px|12px|12px|12px&#8221; global_colors_info=&#8221;{}&#8221;][\/et_pb_image][et_pb_text _builder_version=&#8221;4.16&#8243; _module_preset=&#8221;default&#8221; text_text_color=&#8221;#ed6f21&#8243; global_colors_info=&#8221;{}&#8221;]<\/p>\n<p style=\"text-align: center;\"><strong>Tel: 02\/3802492<\/strong><\/p>\n<p>[\/et_pb_text][et_pb_text _builder_version=&#8221;4.16&#8243; _module_preset=&#8221;default&#8221; custom_padding=&#8221;|20px|11px|20px|false|true&#8221; global_colors_info=&#8221;{}&#8221;]<\/p>\n<p style=\"text-align: justify;\"><strong>Opening of the health nutrition space from 9 a.m. to 7 p.m. from Monday to Sunday,<\/strong> for the supply of medicines and specialized foods.<\/p>\n<p style=\"text-align: justify;\">You can call H\u00e9l\u00e8ne or Maxime our ASV (veterinary assistants) and make an appointment for a nutrition consultation with Dr Falmagne.<strong><br \/><\/strong><\/p>\n<p style=\"text-align: justify;\"><strong>Always contact us before coming to the centre.<\/strong><\/p>\n<p>[\/et_pb_text][\/et_pb_column][\/et_pb_row][\/et_pb_section]<\/p>\n","protected":false},"excerpt":{"rendered":"<p>NutritionAfter taking a closer look at nutrition, we have come to the conclusion that we must feed our animals with a balanced diet, of course. Whether in the form of kibble, fresh sachets or a household ration, it is essential to keep our animals healthy. For us, the best is either a BALANCED household ration [&hellip;]<\/p>\n","protected":false},"author":2,"featured_media":0,"parent":0,"menu_order":0,"comment_status":"closed","ping_status":"closed","template":"","meta":{"_et_pb_use_builder":"on","_et_pb_old_content":"","_et_gb_content_width":"","footnotes":""},"class_list":["post-8952","page","type-page","status-publish","hentry"],"aioseo_notices":[],"_links":{"self":[{"href":"https:\/\/www.vetcarecenter.be\/en\/wp-json\/wp\/v2\/pages\/8952","targetHints":{"allow":["GET"]}}],"collection":[{"href":"https:\/\/www.vetcarecenter.be\/en\/wp-json\/wp\/v2\/pages"}],"about":[{"href":"https:\/\/www.vetcarecenter.be\/en\/wp-json\/wp\/v2\/types\/page"}],"author":[{"embeddable":true,"href":"https:\/\/www.vetcarecenter.be\/en\/wp-json\/wp\/v2\/users\/2"}],"replies":[{"embeddable":true,"href":"https:\/\/www.vetcarecenter.be\/en\/wp-json\/wp\/v2\/comments?post=8952"}],"version-history":[{"count":11,"href":"https:\/\/www.vetcarecenter.be\/en\/wp-json\/wp\/v2\/pages\/8952\/revisions"}],"predecessor-version":[{"id":12181,"href":"https:\/\/www.vetcarecenter.be\/en\/wp-json\/wp\/v2\/pages\/8952\/revisions\/12181"}],"wp:attachment":[{"href":"https:\/\/www.vetcarecenter.be\/en\/wp-json\/wp\/v2\/media?parent=8952"}],"curies":[{"name":"wp","href":"https:\/\/api.w.org\/{rel}","templated":true}]}}